{"id":1082,"date":"2024-07-16T15:02:28","date_gmt":"2024-07-16T19:02:28","guid":{"rendered":"https:\/\/caincincy.org\/?page_id=1082"},"modified":"2024-08-14T21:38:44","modified_gmt":"2024-08-15T01:38:44","slug":"give-money","status":"publish","type":"page","link":"https:\/\/caincincy.org\/es\/give-money\/","title":{"rendered":"D\u00e9 Dinero"},"content":{"rendered":"<div class=\"wp-block-media-text is-stacked-on-mobile is-vertically-aligned-center is-style-default\"><figure class=\"wp-block-media-text__media\"><img data-recalc-dims=\"1\" loading=\"lazy\" decoding=\"async\" width=\"820\" height=\"586\" data-attachment-id=\"1686\" data-permalink=\"https:\/\/caincincy.org\/es\/give-money\/website-photo-test-1\/\" data-orig-file=\"https:\/\/i0.wp.com\/caincincy.org\/wp-content\/uploads\/2024\/08\/Website-Photo-Test-1.png?fit=2000%2C1429&amp;ssl=1\" data-orig-size=\"2000,1429\" data-comments-opened=\"0\" data-image-meta=\"{&quot;aperture&quot;:&quot;0&quot;,&quot;credit&quot;:&quot;&quot;,&quot;camera&quot;:&quot;&quot;,&quot;caption&quot;:&quot;&quot;,&quot;created_timestamp&quot;:&quot;0&quot;,&quot;copyright&quot;:&quot;&quot;,&quot;focal_length&quot;:&quot;0&quot;,&quot;iso&quot;:&quot;0&quot;,&quot;shutter_speed&quot;:&quot;0&quot;,&quot;title&quot;:&quot;&quot;,&quot;orientation&quot;:&quot;0&quot;}\" data-image-title=\"Website Photo Test 1\" data-image-description=\"\" data-image-caption=\"\" data-large-file=\"https:\/\/i0.wp.com\/caincincy.org\/wp-content\/uploads\/2024\/08\/Website-Photo-Test-1.png?fit=820%2C586&amp;ssl=1\" src=\"https:\/\/i0.wp.com\/caincincy.org\/wp-content\/uploads\/2024\/08\/Website-Photo-Test-1.png?resize=820%2C586&#038;ssl=1\" alt=\"\" class=\"wp-image-1686 size-full\" srcset=\"https:\/\/i0.wp.com\/caincincy.org\/wp-content\/uploads\/2024\/08\/Website-Photo-Test-1.png?resize=1024%2C732&amp;ssl=1 1024w, https:\/\/i0.wp.com\/caincincy.org\/wp-content\/uploads\/2024\/08\/Website-Photo-Test-1.png?resize=300%2C214&amp;ssl=1 300w, https:\/\/i0.wp.com\/caincincy.org\/wp-content\/uploads\/2024\/08\/Website-Photo-Test-1.png?resize=768%2C549&amp;ssl=1 768w, https:\/\/i0.wp.com\/caincincy.org\/wp-content\/uploads\/2024\/08\/Website-Photo-Test-1.png?resize=1536%2C1097&amp;ssl=1 1536w, https:\/\/i0.wp.com\/caincincy.org\/wp-content\/uploads\/2024\/08\/Website-Photo-Test-1.png?resize=18%2C12&amp;ssl=1 18w, https:\/\/i0.wp.com\/caincincy.org\/wp-content\/uploads\/2024\/08\/Website-Photo-Test-1.png?resize=1200%2C857&amp;ssl=1 1200w, https:\/\/i0.wp.com\/caincincy.org\/wp-content\/uploads\/2024\/08\/Website-Photo-Test-1.png?w=2000&amp;ssl=1 2000w, https:\/\/i0.wp.com\/caincincy.org\/wp-content\/uploads\/2024\/08\/Website-Photo-Test-1.png?w=1640&amp;ssl=1 1640w\" sizes=\"auto, (max-width: 820px) 100vw, 820px\" \/><\/figure><div class=\"wp-block-media-text__content\">\n<p style=\"font-size:20px\">En CAIN, estamos comprometidos con la promoci\u00f3n de la justicia, la comunidad y la equidad. Al unirnos, ofrecemos servicios y apoyo esenciales a nuestros vecinos, asegurando que todos tengan acceso a los recursos necesarios para prosperar.<\/p>\n\n\n\n<p style=\"font-size:20px\">Juntos, construimos una sociedad justa y equitativa donde todos son valorados e incluidos. Nuestras contribuciones colectivas crean una comunidad de cuidado y solidaridad, haciendo un impacto duradero en la vida de muchos. \u00danase a nosotros en nuestra misi\u00f3n de transformar vidas e inspirar esperanza.<\/p>\n\n\n\n<div class=\"wp-block-buttons is-layout-flex wp-block-buttons-is-layout-flex\">\n<div class=\"wp-block-button\"><a class=\"wp-block-button__link has-text-color has-background has-link-color wp-element-button\" href=\"https:\/\/donatenow.networkforgood.org\/CAIN\" style=\"color:#faece2;background-color:#005493\" target=\"_blank\" rel=\"noreferrer noopener\"><strong>\u00a1Done hoy!<\/strong><br>Colectivamente, Nos Hacemos M\u00e1s Fuertes<\/a><\/div>\n<\/div>\n<\/div><\/div>\n\n\n\n<hr class=\"wp-block-separator has-alpha-channel-opacity is-style-wide\"\/>\n\n\n\n<div class=\"wp-block-media-text is-stacked-on-mobile\" style=\"grid-template-columns:48% auto\"><figure class=\"wp-block-media-text__media\"><img data-recalc-dims=\"1\" loading=\"lazy\" decoding=\"async\" width=\"820\" height=\"258\" data-attachment-id=\"1833\" data-permalink=\"https:\/\/caincincy.org\/es\/give-money\/krogerrewardslogo20\/\" data-orig-file=\"https:\/\/i0.wp.com\/caincincy.org\/wp-content\/uploads\/2024\/08\/krogerrewardslogo20.png?fit=886%2C279&amp;ssl=1\" data-orig-size=\"886,279\" data-comments-opened=\"0\" data-image-meta=\"{&quot;aperture&quot;:&quot;0&quot;,&quot;credit&quot;:&quot;&quot;,&quot;camera&quot;:&quot;&quot;,&quot;caption&quot;:&quot;&quot;,&quot;created_timestamp&quot;:&quot;0&quot;,&quot;copyright&quot;:&quot;&quot;,&quot;focal_length&quot;:&quot;0&quot;,&quot;iso&quot;:&quot;0&quot;,&quot;shutter_speed&quot;:&quot;0&quot;,&quot;title&quot;:&quot;&quot;,&quot;orientation&quot;:&quot;0&quot;}\" data-image-title=\"krogerrewardslogo20\" data-image-description=\"\" data-image-caption=\"\" data-large-file=\"https:\/\/i0.wp.com\/caincincy.org\/wp-content\/uploads\/2024\/08\/krogerrewardslogo20.png?fit=820%2C258&amp;ssl=1\" src=\"https:\/\/i0.wp.com\/caincincy.org\/wp-content\/uploads\/2024\/08\/krogerrewardslogo20.png?resize=820%2C258&#038;ssl=1\" alt=\"\" class=\"wp-image-1833 size-full\" srcset=\"https:\/\/i0.wp.com\/caincincy.org\/wp-content\/uploads\/2024\/08\/krogerrewardslogo20.png?w=886&amp;ssl=1 886w, https:\/\/i0.wp.com\/caincincy.org\/wp-content\/uploads\/2024\/08\/krogerrewardslogo20.png?resize=300%2C94&amp;ssl=1 300w, https:\/\/i0.wp.com\/caincincy.org\/wp-content\/uploads\/2024\/08\/krogerrewardslogo20.png?resize=768%2C242&amp;ssl=1 768w, https:\/\/i0.wp.com\/caincincy.org\/wp-content\/uploads\/2024\/08\/krogerrewardslogo20.png?resize=18%2C6&amp;ssl=1 18w\" sizes=\"auto, (max-width: 820px) 100vw, 820px\" \/><\/figure><div class=\"wp-block-media-text__content\">\n<ol class=\"wp-block-list\">\n<li>Vaya a la <a href=\"https:\/\/www.kroger.com\/i\/community\/community-rewards\">Kroger Community Rewards<\/a> p\u00e1gina.<\/li>\n\n\n\n<li>Si tiene una cuenta, <a href=\"https:\/\/www.kroger.com\/signin?redirectUrl=\/account\/communityrewards\">inscr\u00edbese<\/a> usando su informaci\u00f3n. <\/li>\n\n\n\n<li>Si tiene una cuenta, haga clic <a href=\"https:\/\/www.kroger.com\/account\/create\/?redirectUrl=\/\">Reg\u00edstrese Su Tarjeta Kroger Plus<\/a><\/li>\n\n\n\n<li>Vincule su cuenta de tarjeta Kroger Plus visitando el <a href=\"https:\/\/www.kroger.com\/communityrewards.\"><u>P\u00e1gina de Community Rewards<\/u><\/a>.<\/li>\n\n\n\n<li>En la barra de b\u00fasqueda, ingrese \"CAIN\" o nuestro n\u00famero: NM091.<\/li>\n\n\n\n<li>Entonces, haga sus compras?<\/li>\n\n\n\n<li>\u00a1Aseg\u00farese de volver a registrarse cada a\u00f1o!<\/li>\n<\/ol>\n<\/div><\/div>\n\n\n\n<p style=\"font-size:15px\">Cada vez que deslice su tarjeta Kroger Plus al realizar una compra, CAIN recibir\u00e1 un porcentaje del total, \u00a1hasta $ 50,000 por trimestre!<br><br>NO hay ning\u00fan costo para usted y no afecta ning\u00fan otro beneficio de Kroger Rewards que pueda estar disfrutando.<\/p>\n\n\n\n<p class=\"has-small-font-size\"><em>AVISO: Las inscripciones a Kroger Rewards deben renovarse en el sitio web de Kroger Community Rewards. Si se ha registrado anteriormente, actualice su tarjeta Kroger Plus para ayudar a recaudar fondos para CAIN.<\/em><\/p>\n\n\n\n<hr class=\"wp-block-separator has-alpha-channel-opacity\"\/>\n\n\n\n<div class=\"wp-block-media-text is-stacked-on-mobile\" style=\"grid-template-columns:48% auto\"><figure class=\"wp-block-media-text__media\"><img data-recalc-dims=\"1\" loading=\"lazy\" decoding=\"async\" width=\"820\" height=\"331\" data-attachment-id=\"1324\" data-permalink=\"https:\/\/caincincy.org\/es\/give-money\/amazon-wishlist-logo-1\/\" data-orig-file=\"https:\/\/i0.wp.com\/caincincy.org\/wp-content\/uploads\/2024\/08\/Amazon-wishlist-logo-1.webp?fit=3410%2C1375&amp;ssl=1\" data-orig-size=\"3410,1375\" data-comments-opened=\"0\" data-image-meta=\"{&quot;aperture&quot;:&quot;0&quot;,&quot;credit&quot;:&quot;&quot;,&quot;camera&quot;:&quot;&quot;,&quot;caption&quot;:&quot;&quot;,&quot;created_timestamp&quot;:&quot;0&quot;,&quot;copyright&quot;:&quot;&quot;,&quot;focal_length&quot;:&quot;0&quot;,&quot;iso&quot;:&quot;0&quot;,&quot;shutter_speed&quot;:&quot;0&quot;,&quot;title&quot;:&quot;&quot;,&quot;orientation&quot;:&quot;0&quot;}\" data-image-title=\"Amazon-wishlist-logo-1\" data-image-description=\"\" data-image-caption=\"\" data-large-file=\"https:\/\/i0.wp.com\/caincincy.org\/wp-content\/uploads\/2024\/08\/Amazon-wishlist-logo-1.webp?fit=820%2C331&amp;ssl=1\" src=\"https:\/\/i0.wp.com\/caincincy.org\/wp-content\/uploads\/2024\/08\/Amazon-wishlist-logo-1.webp?resize=820%2C331&#038;ssl=1\" alt=\"\" class=\"wp-image-1324 size-full\" srcset=\"https:\/\/i0.wp.com\/caincincy.org\/wp-content\/uploads\/2024\/08\/Amazon-wishlist-logo-1.webp?resize=1024%2C413&amp;ssl=1 1024w, https:\/\/i0.wp.com\/caincincy.org\/wp-content\/uploads\/2024\/08\/Amazon-wishlist-logo-1.webp?resize=300%2C121&amp;ssl=1 300w, https:\/\/i0.wp.com\/caincincy.org\/wp-content\/uploads\/2024\/08\/Amazon-wishlist-logo-1.webp?resize=768%2C310&amp;ssl=1 768w, https:\/\/i0.wp.com\/caincincy.org\/wp-content\/uploads\/2024\/08\/Amazon-wishlist-logo-1.webp?resize=1536%2C619&amp;ssl=1 1536w, https:\/\/i0.wp.com\/caincincy.org\/wp-content\/uploads\/2024\/08\/Amazon-wishlist-logo-1.webp?resize=2048%2C826&amp;ssl=1 2048w, https:\/\/i0.wp.com\/caincincy.org\/wp-content\/uploads\/2024\/08\/Amazon-wishlist-logo-1.webp?resize=18%2C7&amp;ssl=1 18w, https:\/\/i0.wp.com\/caincincy.org\/wp-content\/uploads\/2024\/08\/Amazon-wishlist-logo-1.webp?resize=1200%2C484&amp;ssl=1 1200w, https:\/\/i0.wp.com\/caincincy.org\/wp-content\/uploads\/2024\/08\/Amazon-wishlist-logo-1.webp?w=1640&amp;ssl=1 1640w, https:\/\/i0.wp.com\/caincincy.org\/wp-content\/uploads\/2024\/08\/Amazon-wishlist-logo-1.webp?w=2460&amp;ssl=1 2460w\" sizes=\"auto, (max-width: 820px) 100vw, 820px\" \/><\/figure><div class=\"wp-block-media-text__content\">\n<p>Nuestra <a href=\"https:\/\/www.amazon.com\/hz\/wishlist\/ls\/2A28HHMOR6XU5?ref_=wl_share\">Lista de Deseos de Amazon<\/a> presenta los art\u00edculos m\u00e1s solicitados que son esenciales para nuestros vecinos desalojados, que no solemos recibir de nuestras fuentes t\u00edpicas de donaci\u00f3n. Estos art\u00edculos son r\u00e1pidos, nutritivos, estables y f\u00e1ciles de abrir, satisfaciendo sus necesidades espec\u00edficas. Actualizamos regularmente esta lista para reflejar nuestras necesidades m\u00e1s urgentes, asegurando que las donaciones beneficien directamente a nuestros vecinos sin vivienda. Al enviar art\u00edculos directamente a CA\u00cdN, nos ayuda a proporcionar apoyo oportuno, nutritivo y accesible a aquellos que m\u00e1s lo necesitan. <\/p>\n\n\n\n<p>\u00a1Gracias por ser parte de nuestro esfuerzo colectivo!<\/p>\n<\/div><\/div>\n\n\n\n<hr class=\"wp-block-separator has-alpha-channel-opacity\"\/>\n\n\n\n<p class=\"has-text-align-center\">\u00bfQuiere enviar su donaci\u00f3n por correo? Descargue <a href=\"https:\/\/caincincy.org\/wp-content\/uploads\/2024\/08\/Donation-Form-8.5x11.pdf\">esta forma<\/a> \u00a1y env\u00edanoslo con tu donaci\u00f3n!<\/p>","protected":false},"excerpt":{"rendered":"<p>Every time you swipe your Kroger Plus Card when making a purchase, CAIN will receive a percentage of the total\u2014up to $50,000 per quarter! There is NO cost to you and it doesn\u2019t affect any other Kroger Rewards perks you may be enjoying. NOTICE: Kroger Rewards registrations must be renewed on the Kroger Community Rewards [&hellip;]<\/p>\n","protected":false},"author":11484900,"featured_media":0,"parent":0,"menu_order":0,"comment_status":"closed","ping_status":"closed","template":"","meta":{"_coblocks_attr":"","_coblocks_dimensions":"","_coblocks_responsive_height":"","_coblocks_accordion_ie_support":"","advanced_seo_description":"","jetpack_seo_html_title":"","jetpack_seo_noindex":false,"footnotes":""},"class_list":["post-1082","page","type-page","status-publish","hentry"],"jetpack_likes_enabled":false,"jetpack_sharing_enabled":true,"jetpack_shortlink":"https:\/\/wp.me\/PKTDB-hs","_links":{"self":[{"href":"https:\/\/caincincy.org\/es\/wp-json\/wp\/v2\/pages\/1082","targetHints":{"allow":["GET"]}}],"collection":[{"href":"https:\/\/caincincy.org\/es\/wp-json\/wp\/v2\/pages"}],"about":[{"href":"https:\/\/caincincy.org\/es\/wp-json\/wp\/v2\/types\/page"}],"author":[{"embeddable":true,"href":"https:\/\/caincincy.org\/es\/wp-json\/wp\/v2\/users\/11484900"}],"replies":[{"embeddable":true,"href":"https:\/\/caincincy.org\/es\/wp-json\/wp\/v2\/comments?post=1082"}],"version-history":[{"count":95,"href":"https:\/\/caincincy.org\/es\/wp-json\/wp\/v2\/pages\/1082\/revisions"}],"predecessor-version":[{"id":1967,"href":"https:\/\/caincincy.org\/es\/wp-json\/wp\/v2\/pages\/1082\/revisions\/1967"}],"wp:attachment":[{"href":"https:\/\/caincincy.org\/es\/wp-json\/wp\/v2\/media?parent=1082"}],"curies":[{"name":"wp","href":"https:\/\/api.w.org\/{rel}","templated":true}]}}