{"id":427,"date":"2024-06-01T10:53:29","date_gmt":"2024-06-01T14:53:29","guid":{"rendered":"https:\/\/caincincy.org\/?page_id=427"},"modified":"2025-12-19T11:21:06","modified_gmt":"2025-12-19T16:21:06","slug":"themarket","status":"publish","type":"page","link":"https:\/\/caincincy.org\/es\/themarket\/","title":{"rendered":""},"content":{"rendered":"<div aria-label=\"List of logos\" class=\"wp-block-coblocks-logos\"><div class=\"wp-block-coblocks-logos__row\"><div style=\"width:26.4286%\"><img data-recalc-dims=\"1\" height=\"924\" width=\"820\" decoding=\"async\" data-attachment-id=\"2452\" data-permalink=\"https:\/\/caincincy.org\/es\/themarket\/sign-by-the-road\/\" data-orig-file=\"https:\/\/i0.wp.com\/caincincy.org\/wp-content\/uploads\/2024\/10\/Sign-by-the-road.png?fit=2208%2C2488&amp;ssl=1\" data-orig-size=\"2208,2488\" data-comments-opened=\"0\" data-image-meta=\"{&quot;aperture&quot;:&quot;0&quot;,&quot;credit&quot;:&quot;&quot;,&quot;camera&quot;:&quot;&quot;,&quot;caption&quot;:&quot;&quot;,&quot;created_timestamp&quot;:&quot;0&quot;,&quot;copyright&quot;:&quot;&quot;,&quot;focal_length&quot;:&quot;0&quot;,&quot;iso&quot;:&quot;0&quot;,&quot;shutter_speed&quot;:&quot;0&quot;,&quot;title&quot;:&quot;&quot;,&quot;orientation&quot;:&quot;0&quot;}\" data-image-title=\"Sign by the road\" data-image-description=\"\" data-image-caption=\"\" data-large-file=\"https:\/\/i0.wp.com\/caincincy.org\/wp-content\/uploads\/2024\/10\/Sign-by-the-road.png?fit=820%2C924&amp;ssl=1\" alt=\"\" data-id=\"2452\" data-width=\"26.4286%\" src=\"https:\/\/i0.wp.com\/caincincy.org\/wp-content\/uploads\/2024\/10\/Sign-by-the-road.png?resize=820%2C924&#038;ssl=1\"\/><\/div><\/div><\/div>\n\n\n\n<h2 class=\"wp-block-heading\">Horas de Operaci\u00f3n<\/h2>\n\n\n\n<div class=\"wp-block-columns is-layout-flex wp-container-core-columns-is-layout-9d6595d7 wp-block-columns-is-layout-flex\">\n<div class=\"wp-block-column is-layout-flow wp-block-column-is-layout-flow\" style=\"flex-basis:33.33%\">\n<figure class=\"wp-block-image size-full\"><a href=\"https:\/\/i0.wp.com\/caincincy.org\/wp-content\/uploads\/2024\/06\/Produce-Table.jpg?ssl=1\"><img data-recalc-dims=\"1\" loading=\"lazy\" decoding=\"async\" width=\"480\" height=\"640\" data-attachment-id=\"601\" data-permalink=\"https:\/\/caincincy.org\/es\/produce-table\/\" data-orig-file=\"https:\/\/i0.wp.com\/caincincy.org\/wp-content\/uploads\/2024\/06\/Produce-Table.jpg?fit=480%2C640&amp;ssl=1\" data-orig-size=\"480,640\" data-comments-opened=\"0\" data-image-meta=\"{&quot;aperture&quot;:&quot;0&quot;,&quot;credit&quot;:&quot;&quot;,&quot;camera&quot;:&quot;&quot;,&quot;caption&quot;:&quot;&quot;,&quot;created_timestamp&quot;:&quot;0&quot;,&quot;copyright&quot;:&quot;&quot;,&quot;focal_length&quot;:&quot;0&quot;,&quot;iso&quot;:&quot;0&quot;,&quot;shutter_speed&quot;:&quot;0&quot;,&quot;title&quot;:&quot;&quot;,&quot;orientation&quot;:&quot;0&quot;}\" data-image-title=\"Produce Table\" data-image-description=\"\" data-image-caption=\"\" data-large-file=\"https:\/\/i0.wp.com\/caincincy.org\/wp-content\/uploads\/2024\/06\/Produce-Table.jpg?fit=480%2C640&amp;ssl=1\" src=\"https:\/\/i0.wp.com\/caincincy.org\/wp-content\/uploads\/2024\/06\/Produce-Table.jpg?resize=480%2C640&#038;ssl=1\" alt=\"\" class=\"wp-image-601\" srcset=\"https:\/\/i0.wp.com\/caincincy.org\/wp-content\/uploads\/2024\/06\/Produce-Table.jpg?w=480&amp;ssl=1 480w, https:\/\/i0.wp.com\/caincincy.org\/wp-content\/uploads\/2024\/06\/Produce-Table.jpg?resize=225%2C300&amp;ssl=1 225w, https:\/\/i0.wp.com\/caincincy.org\/wp-content\/uploads\/2024\/06\/Produce-Table.jpg?resize=450%2C600&amp;ssl=1 450w, https:\/\/i0.wp.com\/caincincy.org\/wp-content\/uploads\/2024\/06\/Produce-Table.jpg?resize=300%2C400&amp;ssl=1 300w, https:\/\/i0.wp.com\/caincincy.org\/wp-content\/uploads\/2024\/06\/Produce-Table.jpg?resize=150%2C200&amp;ssl=1 150w\" sizes=\"auto, (max-width: 480px) 100vw, 480px\" \/><\/a><\/figure>\n<\/div>\n\n\n\n<div class=\"wp-block-column is-layout-flow wp-block-column-is-layout-flow\" style=\"flex-basis:66.66%\">\n<p class=\"has-text-align-left\"><strong>lunes:<\/strong> fila se abre a las 4:30 pm,<\/p>\n\n\n\n<p class=\"has-text-align-left\">Mercado se abre desde 5 pm \u2013 7 pm<\/p>\n\n\n\n<p class=\"has-text-align-left\"><strong>martes y jueves:<\/strong> fila se abre a las 9:30 am,<\/p>\n\n\n\n<p class=\"has-text-align-left\">Mercado se abre hasta 10 am \u2013 1 pm<\/p>\n\n\n\n<p class=\"has-text-align-left\">La fila se cierra cuando alcanzamos la capacidad o 15 minutos antes de se cierra el Mercado.<\/p>\n<\/div>\n\n\n\n<div class=\"wp-block-column is-layout-flow wp-block-column-is-layout-flow\" style=\"flex-basis:66.66%\">\n<p><strong>The Market at CAIN will be closed for the following holidays:<\/strong><\/p>\n\n\n\n<ul class=\"wp-block-list\">\n<li><strong>Receso invernal:<\/strong> December 22nd, 2025- January 2nd, 2026<\/li>\n\n\n\n<li><strong>MLK Day:<\/strong> January 19th<\/li>\n\n\n\n<li><strong>Memorial Day<\/strong>: May 25th<\/li>\n\n\n\n<li><strong>D\u00eda del Trabajo:<\/strong> September 7th<\/li>\n\n\n\n<li><strong>Thanksgiving:<\/strong> November 26th<\/li>\n<\/ul>\n\n\n\n<p><\/p>\n<\/div>\n<\/div>\n\n\n\n<h2 class=\"wp-block-heading\">Qu\u00e9 Saber Antes de Usted Compra<\/h2>\n\n\n\n<div class=\"wp-block-columns is-layout-flex wp-container-core-columns-is-layout-9d6595d7 wp-block-columns-is-layout-flex\">\n<div class=\"wp-block-column is-layout-flow wp-block-column-is-layout-flow\" style=\"flex-basis:66.66%\">\n<ul class=\"wp-block-list\">\n<li>Servimos <strong>TODOS c\u00f3digos postales.<\/strong>!<\/li>\n\n\n\n<li>No necesita traer ning\u00fan documento cuando nos visite. Le pediremos que complete informaci\u00f3n sobre usted y sobre cualquier persona que considere parte de su hogar. Puede encontrar ese formulario <a href=\"https:\/\/caincincy.org\/wp-content\/uploads\/2025\/03\/Intake-Combined-ENG-SPAN.pdf\" data-type=\"attachment\" data-id=\"6315\">AQUI<\/a>.<\/li>\n\n\n\n<li>Puede comprar para un vecino, familiar, amigo o cliente si no pueden acudir al mercado por s\u00ed mismos.<\/li>\n\n\n\n<li>Somos una despensa de CHOICE (elecci\u00f3n), lo que significa que podr\u00e1 seleccionar los art\u00edculos como lo har\u00eda en un supermercado. Si est\u00e1 comprando para otra persona, es \u00fatil conocer sus preferencias antes de venir para que la compra sea r\u00e1pida y f\u00e1cil.<\/li>\n\n\n\n<li>Por favor traiga sus propias bolsas. Podemos proporcionar cajas y bolsas donadas a medida que est\u00e9n disponibles.<\/li>\n\n\n\n<li>La sala de espera sola es accesible por escaleras; sin embargo, la despensa es completamente accesible con un dispositivo de ayuda a la movilidad. Informe al llegar si necesita evitar las escaleras y le llevaremos por otro acceso. Tambi\u00e9n hay ba\u00f1os accesibles con dispositivos de ayuda a la movilidad. <\/li>\n<\/ul>\n<\/div>\n\n\n\n<div class=\"wp-block-column is-layout-flow wp-block-column-is-layout-flow\" style=\"flex-basis:33.33%\">\n<figure class=\"wp-block-image size-large is-resized\"><a href=\"https:\/\/i0.wp.com\/caincincy.org\/wp-content\/uploads\/2024\/06\/Guest-photo-3.jpg?ssl=1\"><img data-recalc-dims=\"1\" loading=\"lazy\" decoding=\"async\" width=\"675\" height=\"1024\" data-attachment-id=\"581\" data-permalink=\"https:\/\/caincincy.org\/es\/guest-photo-3\/\" data-orig-file=\"https:\/\/i0.wp.com\/caincincy.org\/wp-content\/uploads\/2024\/06\/Guest-photo-3.jpg?fit=2864%2C4345&amp;ssl=1\" data-orig-size=\"2864,4345\" data-comments-opened=\"0\" data-image-meta=\"{&quot;aperture&quot;:&quot;1.9&quot;,&quot;credit&quot;:&quot;&quot;,&quot;camera&quot;:&quot;SM-G920V&quot;,&quot;caption&quot;:&quot;&quot;,&quot;created_timestamp&quot;:&quot;1568121600&quot;,&quot;copyright&quot;:&quot;&quot;,&quot;focal_length&quot;:&quot;4.3&quot;,&quot;iso&quot;:&quot;40&quot;,&quot;shutter_speed&quot;:&quot;0.0014044943820225&quot;,&quot;title&quot;:&quot;&quot;,&quot;orientation&quot;:&quot;1&quot;}\" data-image-title=\"Guest photo 3\" data-image-description=\"\" data-image-caption=\"\" data-large-file=\"https:\/\/i0.wp.com\/caincincy.org\/wp-content\/uploads\/2024\/06\/Guest-photo-3.jpg?fit=675%2C1024&amp;ssl=1\" src=\"https:\/\/i0.wp.com\/caincincy.org\/wp-content\/uploads\/2024\/06\/Guest-photo-3.jpg?resize=675%2C1024&#038;ssl=1\" alt=\"\" class=\"wp-image-581\" style=\"width:370px;height:auto\" srcset=\"https:\/\/i0.wp.com\/caincincy.org\/wp-content\/uploads\/2024\/06\/Guest-photo-3.jpg?resize=675%2C1024&amp;ssl=1 675w, https:\/\/i0.wp.com\/caincincy.org\/wp-content\/uploads\/2024\/06\/Guest-photo-3.jpg?resize=198%2C300&amp;ssl=1 198w, https:\/\/i0.wp.com\/caincincy.org\/wp-content\/uploads\/2024\/06\/Guest-photo-3.jpg?resize=768%2C1165&amp;ssl=1 768w, https:\/\/i0.wp.com\/caincincy.org\/wp-content\/uploads\/2024\/06\/Guest-photo-3.jpg?resize=1012%2C1536&amp;ssl=1 1012w, https:\/\/i0.wp.com\/caincincy.org\/wp-content\/uploads\/2024\/06\/Guest-photo-3.jpg?resize=1350%2C2048&amp;ssl=1 1350w, https:\/\/i0.wp.com\/caincincy.org\/wp-content\/uploads\/2024\/06\/Guest-photo-3.jpg?resize=1200%2C1821&amp;ssl=1 1200w, https:\/\/i0.wp.com\/caincincy.org\/wp-content\/uploads\/2024\/06\/Guest-photo-3.jpg?w=1640&amp;ssl=1 1640w, https:\/\/i0.wp.com\/caincincy.org\/wp-content\/uploads\/2024\/06\/Guest-photo-3.jpg?w=2460&amp;ssl=1 2460w\" sizes=\"auto, (max-width: 675px) 100vw, 675px\" \/><\/a><\/figure>\n<\/div>\n<\/div>\n\n\n\n<h2 class=\"wp-block-heading\">C\u00f3mo Apuntarse<\/h2>\n\n\n\n<p>Cuando se abra la fila, los visitantes pueden registrarse por mensaje de texto, en l\u00ednea, aplicaci\u00f3n por tel\u00e9fono, o en persona. \u00a1Le recomendamos que se registre por mensaje de texto para ahorrar tiempo! No puede registrarse antes de los horarios publicados arriba.<\/p>\n\n\n\n<div class=\"wp-block-group\"><div class=\"wp-block-group__inner-container is-layout-constrained wp-block-group-is-layout-constrained\">\n<h3 class=\"wp-block-heading\">Para Mandar Texto<\/h3>\n\n\n\n<p>Manda un mensaje de texto con nombre y apellido a 513-548-1024.<\/p>\n\n\n\n<p>El sistema solo acepta un nombre y un apellido. Por ejemplo, puede enviar \u2018Maria Gonzales\u2019 pero no \u2018Maria Evelin Gonzales\u2019. Solo puede registrarse una persona a la vez por mensaje de texto.<\/p>\n\n\n\n<h3 class=\"wp-block-heading\">Para Usar la Applicaci\u00f3n<\/h3>\n\n\n\n<p>Busque la aplicaci\u00f3n 'WaitWell' en la tienda de aplicaciones de su dispositivo, configure su nombre y n\u00famero de tel\u00e9fono, y encu\u00e9ntrenos buscando 'CAIN'.<\/p>\n\n\n\n<h3 class=\"wp-block-heading\">Para Ir En L\u00ednea<\/h3>\n\n\n\n<p>Encuentre nuestra p\u00e1gina <a href=\"http:\/\/31901.waitwell.ca\">aqu\u00ed<\/a>elija su idioma y complete el formulario. Tenga en cuenta que si cierra la p\u00e1gina, no podr\u00e1 verificar su lugar en la fila.<\/p>\n\n\n\n<h3 class=\"wp-block-heading\">Para Recibir Asistencia En Persona<\/h3>\n\n\n\n<p>Si no tiene acceso a un tel\u00e9fono celular u otro dispositivo, \u00a1estamos encantados de registrarlo en persona! Le recomendamos que llegue aproximadamente 10 minutos antes de que se abra la fila si desea asegurar su lugar en la fila ese d\u00eda.<\/p>\n\n\n\n<div style=\"height:100px\" aria-hidden=\"true\" class=\"wp-block-spacer\"><\/div>\n\n\n\n<p class=\"has-text-align-center is-style-info\"><strong>\u00a1Echa un vistazo a algunas de nuestras organizaciones asociadas mientras esperas! Clic <a href=\"https:\/\/caincincy.org\/es\/event-types\/?event_type=1493094\" data-type=\"link\" data-id=\"https:\/\/caincincy.org\/event-types\/?event_type=1493094\">AQUI <\/a>para ver qui\u00e9n estar\u00e1 en el Mercado.<\/strong><\/p>\n<\/div><\/div>","protected":false},"excerpt":{"rendered":"<p>Hours of Operation Mondays: line opens at 4:30 pm, Market opens from 5 pm &#8211; 7 pm Tuesdays and Thursdays: line opens at 9:30 am, Market opens from 10 am &#8211; 1 pm The line closes when we&#8217;ve reached capacity or 15 minutes before the Market closes. The Market at CAIN will be closed for [&hellip;]<\/p>\n","protected":false},"author":11484901,"featured_media":0,"parent":0,"menu_order":0,"comment_status":"closed","ping_status":"closed","template":"","meta":{"_coblocks_attr":"","_coblocks_dimensions":"","_coblocks_responsive_height":"","_coblocks_accordion_ie_support":"","advanced_seo_description":"","jetpack_seo_html_title":"","jetpack_seo_noindex":false,"footnotes":""},"class_list":["post-427","page","type-page","status-publish","hentry"],"jetpack_likes_enabled":false,"jetpack_sharing_enabled":true,"jetpack_shortlink":"https:\/\/wp.me\/PKTDB-6T","_links":{"self":[{"href":"https:\/\/caincincy.org\/es\/wp-json\/wp\/v2\/pages\/427","targetHints":{"allow":["GET"]}}],"collection":[{"href":"https:\/\/caincincy.org\/es\/wp-json\/wp\/v2\/pages"}],"about":[{"href":"https:\/\/caincincy.org\/es\/wp-json\/wp\/v2\/types\/page"}],"author":[{"embeddable":true,"href":"https:\/\/caincincy.org\/es\/wp-json\/wp\/v2\/users\/11484901"}],"replies":[{"embeddable":true,"href":"https:\/\/caincincy.org\/es\/wp-json\/wp\/v2\/comments?post=427"}],"version-history":[{"count":51,"href":"https:\/\/caincincy.org\/es\/wp-json\/wp\/v2\/pages\/427\/revisions"}],"predecessor-version":[{"id":7496,"href":"https:\/\/caincincy.org\/es\/wp-json\/wp\/v2\/pages\/427\/revisions\/7496"}],"wp:attachment":[{"href":"https:\/\/caincincy.org\/es\/wp-json\/wp\/v2\/media?parent=427"}],"curies":[{"name":"wp","href":"https:\/\/api.w.org\/{rel}","templated":true}]}}