{"id":7091,"date":"2025-07-22T14:40:57","date_gmt":"2025-07-22T18:40:57","guid":{"rendered":"https:\/\/caincincy.org\/?page_id=7091"},"modified":"2025-12-17T16:09:03","modified_gmt":"2025-12-17T21:09:03","slug":"english","status":"publish","type":"page","link":"https:\/\/caincincy.org\/es\/english\/","title":{"rendered":"Programa de Aprendizaje en Ingl\u00e9s"},"content":{"rendered":"<h2 class=\"wp-block-heading\">Clase de Ingl\u00e9s<\/h2>\n\n\n\n<h3 class=\"wp-block-heading\">Cada persona merece una oportunidad aprender en su propio ritmo. CAIN est\u00e1 feliz albergar una clase de ingl\u00e9s para adultos cada mi\u00e9rcoles en la noche.<\/h3>\n\n\n<div class=\"wp-block-coblocks-shape-divider is-style-waves is-vertically-flipped mt-0 mb-0\" style=\"color: #005493;\" aria-hidden=\"true\">\n\t\t\t<div class=\"wp-block-coblocks-shape-divider__svg-wrapper\" style=\"height:66px;\">\n\t\t\t\t<svg class=\"divider--waves\" fill=\"\" xmlns=\"http:\/\/www.w3.org\/2000\/svg\" viewbox=\"0 0 1000 300\" preserveaspectratio=\"none\"><path d=\"M 1000 299 l 2 -279 c -155 -36 -310 135 -415 164 c -102.64 28.35 -149 -32 -232 -31 c -80 1 -142 53 -229 80 c -65.54 20.34 -101 15 -126 11.61 v 54.39 z\"><\/path><path d=\"M 1000 286 l 2 -252 c -157 -43 -302 144 -405 178 c -101.11 33.38 -159 -47 -242 -46 c -80 1 -145.09 54.07 -229 87 c -65.21 25.59 -104.07 16.72 -126 10.61 v 22.39 z\"><\/path><path d=\"M 1000 300 l 1 -230.29 c -217 -12.71 -300.47 129.15 -404 156.29 c -103 27 -174 -30 -257 -29 c -80 1 -130.09 37.07 -214 70 c -61.23 24 -108 15.61 -126 10.61 v 22.39 z\"><\/path><\/svg>\n\t\t\t<\/div>\n\t\t\t<div class=\"wp-block-coblocks-shape-divider__alt-wrapper\" style=\"height:10px;\"><\/div>\n\t\t<\/div>\n\n\n<hr class=\"wp-block-coblocks-dynamic-separator is-style-fullwidth\" style=\"height:50px\"\/>\n\n\n\n<div class=\"wp-block-columns is-layout-flex wp-container-core-columns-is-layout-9d6595d7 wp-block-columns-is-layout-flex\">\n<div class=\"wp-block-column is-layout-flow wp-block-column-is-layout-flow\">\n<figure class=\"wp-block-image size-full\"><img data-recalc-dims=\"1\" loading=\"lazy\" decoding=\"async\" width=\"626\" height=\"626\" data-attachment-id=\"7120\" data-permalink=\"https:\/\/caincincy.org\/es\/english\/smiling-collage-student-isolated-transparent-background_1266257-6400-246653334-edited\/\" data-orig-file=\"https:\/\/i0.wp.com\/caincincy.org\/wp-content\/uploads\/2025\/07\/smiling-collage-student-isolated-transparent-background_1266257-6400-246653334-Edited.png?fit=626%2C626&amp;ssl=1\" data-orig-size=\"626,626\" data-comments-opened=\"0\" data-image-meta=\"{&quot;aperture&quot;:&quot;0&quot;,&quot;credit&quot;:&quot;&quot;,&quot;camera&quot;:&quot;&quot;,&quot;caption&quot;:&quot;&quot;,&quot;created_timestamp&quot;:&quot;0&quot;,&quot;copyright&quot;:&quot;&quot;,&quot;focal_length&quot;:&quot;0&quot;,&quot;iso&quot;:&quot;0&quot;,&quot;shutter_speed&quot;:&quot;0&quot;,&quot;title&quot;:&quot;&quot;,&quot;orientation&quot;:&quot;0&quot;}\" data-image-title=\"smiling-collage-student-isolated-transparent-background_1266257-6400-246653334 &amp;#8211; Edited\" data-image-description=\"\" data-image-caption=\"\" data-large-file=\"https:\/\/i0.wp.com\/caincincy.org\/wp-content\/uploads\/2025\/07\/smiling-collage-student-isolated-transparent-background_1266257-6400-246653334-Edited.png?fit=626%2C626&amp;ssl=1\" src=\"https:\/\/i0.wp.com\/caincincy.org\/wp-content\/uploads\/2025\/07\/smiling-collage-student-isolated-transparent-background_1266257-6400-246653334-Edited.png?resize=626%2C626&#038;ssl=1\" alt=\"\" class=\"wp-image-7120\" srcset=\"https:\/\/i0.wp.com\/caincincy.org\/wp-content\/uploads\/2025\/07\/smiling-collage-student-isolated-transparent-background_1266257-6400-246653334-Edited.png?w=626&amp;ssl=1 626w, https:\/\/i0.wp.com\/caincincy.org\/wp-content\/uploads\/2025\/07\/smiling-collage-student-isolated-transparent-background_1266257-6400-246653334-Edited.png?resize=300%2C300&amp;ssl=1 300w, https:\/\/i0.wp.com\/caincincy.org\/wp-content\/uploads\/2025\/07\/smiling-collage-student-isolated-transparent-background_1266257-6400-246653334-Edited.png?resize=150%2C150&amp;ssl=1 150w, https:\/\/i0.wp.com\/caincincy.org\/wp-content\/uploads\/2025\/07\/smiling-collage-student-isolated-transparent-background_1266257-6400-246653334-Edited.png?resize=12%2C12&amp;ssl=1 12w, https:\/\/i0.wp.com\/caincincy.org\/wp-content\/uploads\/2025\/07\/smiling-collage-student-isolated-transparent-background_1266257-6400-246653334-Edited.png?resize=600%2C600&amp;ssl=1 600w, https:\/\/i0.wp.com\/caincincy.org\/wp-content\/uploads\/2025\/07\/smiling-collage-student-isolated-transparent-background_1266257-6400-246653334-Edited.png?resize=400%2C400&amp;ssl=1 400w, https:\/\/i0.wp.com\/caincincy.org\/wp-content\/uploads\/2025\/07\/smiling-collage-student-isolated-transparent-background_1266257-6400-246653334-Edited.png?resize=200%2C200&amp;ssl=1 200w, https:\/\/i0.wp.com\/caincincy.org\/wp-content\/uploads\/2025\/07\/smiling-collage-student-isolated-transparent-background_1266257-6400-246653334-Edited.png?resize=350%2C350&amp;ssl=1 350w\" sizes=\"auto, (max-width: 626px) 100vw, 626px\" \/><\/figure>\n<\/div>\n\n\n\n<div class=\"wp-block-column is-layout-flow wp-block-column-is-layout-flow\">\n<h2 class=\"wp-block-heading\">\u00bfPara qui\u00e9n es?<\/h2>\n\n\n\n<p>Adultos que est\u00e1n aprendiendo ingl\u00e9s, un cualquier nivel. Nuestras clases son adecuadas para principiantes verdaderes, pero cualquiera persona est\u00e1 bienvenida para venir y tomar la prueba de nivel. La mayor\u00eda de nuestres estudiantes hablan espa\u00f1ol como primer idioma. <\/p>\n\n\n\n<h2 class=\"wp-block-heading\">\u00bfC\u00f3mo me registro?<\/h2>\n\n\n\n<p>Estudiantes tienen que registrarse por hacer clic en el bot\u00f3n abajo y venir en su fecha elegida. Clases son gratis y les estudiantes deben asistir tantas clases como puedan cuando empiezan su semestre.<\/p>\n\n\n\n<div class=\"wp-block-buttons is-layout-flex wp-block-buttons-is-layout-flex\">\n<div class=\"wp-block-button\"><a class=\"wp-block-button__link has-background wp-element-button\" href=\"https:\/\/docs.google.com\/forms\/d\/e\/1FAIpQLSf4wcE9S-SCQxqA0kpb_VE8IZb5t2mjkbO4Ir2LUQY81RHdew\/viewform?usp=header\" style=\"background-color:#005493\">REGISTRESE AQUI<\/a><\/div>\n<\/div>\n<\/div>\n\n\n\n<div class=\"wp-block-column is-layout-flow wp-block-column-is-layout-flow\">\n<h2 class=\"wp-block-heading\">\u00bfC\u00f3mo funciona?<\/h2>\n\n\n\n<p>Estudiantes tomar\u00e1n una preuba de nivel en su primer d\u00eda de clase para determinar cual nivel son cuando empiezan. Cada clase despu\u00e9s ser\u00e1 interactiva y conversacional con una oportunidad para aprendizaje independiente.<\/p>\n\n\n\n<h2 class=\"wp-block-heading\">\u00bfCu\u00e1nto duran las clases?<\/h2>\n\n\n\n<p>Clases son 2 horas, un d\u00eda de la semana. Estudiantes pueden continuar su educaci\u00f3n con nosotros depues de su primer semestre termina.<\/p>\n<\/div>\n<\/div>\n\n\n\n<h3 class=\"wp-block-heading\">Semestres<\/h3>\n\n\n\n<p>7 de enero - 29 de abril<\/p>\n\n\n\n<p>6 de mayo - 26 de agosto <\/p>\n\n\n\n<p>2 de septiembre - 18 de noviembre<\/p>\n\n\n\n<hr class=\"wp-block-coblocks-dynamic-separator is-style-fullwidth\" style=\"height:50px\"\/>\n\n\n\n<h2 class=\"wp-block-heading\">Grupo de Charla en Ingl\u00e9s<\/h2>\n\n\n\n<p><strong>Cada martes de 6:00pm - 7:30pm<\/strong><\/p>\n\n\n\n<p><strong>Primer martes del mes: <\/strong>Annette&#8217;s House, 4234 Hamilton Ave. Cincinnati, 45223<\/p>\n\n\n\n<p><strong>Otros martes del mes: <\/strong>Biblioteca de Northside, 4219 Hamilton Ave. Cincinnati, 45223<\/p>\n\n\n\n<p>Ambas ubicaciones son accesibles con acceso por rampa o ascensor. <\/p>\n\n\n\n<hr class=\"wp-block-coblocks-dynamic-separator is-style-fullwidth\" style=\"height:50px\"\/>\n\n\n\n<h2 class=\"wp-block-heading\">Si tiene preguntas, cont\u00e1ctenos:<\/h2>\n\n\n\n<p><strong>M\u00f3vil: <\/strong>(513) 549-4262<\/p>\n\n\n\n<p><strong>Correo electr\u00f3nico: <\/strong>l.gray@caincincy.org<\/p>\n\n\n\n<hr class=\"wp-block-coblocks-dynamic-separator is-style-fullwidth\" style=\"height:50px\"\/>\n\n\n\n<h2 class=\"wp-block-heading has-text-align-center\">\u00bfNo puede venir a nuestra clase?<\/h2>\n\n\n\n<div class=\"wp-block-buttons is-content-justification-center is-layout-flex wp-container-core-buttons-is-layout-16018d1d wp-block-buttons-is-layout-flex\">\n<div class=\"wp-block-button\"><a class=\"wp-block-button__link wp-element-button\" href=\"https:\/\/docs.google.com\/spreadsheets\/d\/1Atg49ch7o589KrPoSiJUfZ0hoCg8wO27mgWlD2ORCUs\/edit?gid=1615131685\">Otras clases locales para ingl\u00e9s<\/a><\/div>\n<\/div>\n\n\n\n<p><\/p>","protected":false},"excerpt":{"rendered":"<p>English Class Every person deserves a chance to learn at their own pace. CAIN is happy to host an English class for adults every Wednesday night. Who is it for? Any adult learning English, at any level. Our classes are best suited to true-beginners, but anyone is welcome to come take the placement test. Most [&hellip;]<\/p>\n","protected":false},"author":11484900,"featured_media":0,"parent":0,"menu_order":0,"comment_status":"closed","ping_status":"closed","template":"","meta":{"_coblocks_attr":"","_coblocks_dimensions":"","_coblocks_responsive_height":"","_coblocks_accordion_ie_support":"","advanced_seo_description":"","jetpack_seo_html_title":"","jetpack_seo_noindex":false,"footnotes":""},"class_list":["post-7091","page","type-page","status-publish","hentry"],"jetpack_likes_enabled":false,"jetpack_sharing_enabled":true,"jetpack_shortlink":"https:\/\/wp.me\/PKTDB-1Qn","_links":{"self":[{"href":"https:\/\/caincincy.org\/es\/wp-json\/wp\/v2\/pages\/7091","targetHints":{"allow":["GET"]}}],"collection":[{"href":"https:\/\/caincincy.org\/es\/wp-json\/wp\/v2\/pages"}],"about":[{"href":"https:\/\/caincincy.org\/es\/wp-json\/wp\/v2\/types\/page"}],"author":[{"embeddable":true,"href":"https:\/\/caincincy.org\/es\/wp-json\/wp\/v2\/users\/11484900"}],"replies":[{"embeddable":true,"href":"https:\/\/caincincy.org\/es\/wp-json\/wp\/v2\/comments?post=7091"}],"version-history":[{"count":33,"href":"https:\/\/caincincy.org\/es\/wp-json\/wp\/v2\/pages\/7091\/revisions"}],"predecessor-version":[{"id":7494,"href":"https:\/\/caincincy.org\/es\/wp-json\/wp\/v2\/pages\/7091\/revisions\/7494"}],"wp:attachment":[{"href":"https:\/\/caincincy.org\/es\/wp-json\/wp\/v2\/media?parent=7091"}],"curies":[{"name":"wp","href":"https:\/\/api.w.org\/{rel}","templated":true}]}}